{"id":170,"date":"2023-08-31T08:03:30","date_gmt":"2023-08-31T11:03:30","guid":{"rendered":"https:\/\/mouraecruzadvocacia.com.br\/?page_id=170"},"modified":"2023-08-31T08:12:36","modified_gmt":"2023-08-31T11:12:36","slug":"direito-medico","status":"publish","type":"page","link":"https:\/\/mouraecruzadvocacia.com.br\/?page_id=170","title":{"rendered":"Direito M\u00e9dico"},"content":{"rendered":"\t\t<div data-elementor-type=\"wp-page\" data-elementor-id=\"170\" class=\"elementor elementor-170\" data-elementor-post-type=\"page\">\n\t\t\t\t\t\t\t\t\t<section class=\"elementor-section elementor-top-section elementor-element elementor-element-f8e9528 elementor-section-boxed elementor-section-height-default elementor-section-height-default\" data-id=\"f8e9528\" data-element_type=\"section\">\n\t\t\t\t\t\t<div class=\"elementor-container elementor-column-gap-default\">\n\t\t\t\t\t<div class=\"elementor-column elementor-col-100 elementor-top-column elementor-element elementor-element-0eb24c7\" data-id=\"0eb24c7\" data-element_type=\"column\" data-settings=\"{&quot;background_background&quot;:&quot;classic&quot;}\">\n\t\t\t<div class=\"elementor-widget-wrap elementor-element-populated\">\n\t\t\t\t\t\t\t\t<div class=\"elementor-element elementor-element-60217d2 elementor-position-left elementor-vertical-align-middle elementor-view-default elementor-mobile-position-top elementor-widget elementor-widget-icon-box\" data-id=\"60217d2\" data-element_type=\"widget\" data-widget_type=\"icon-box.default\">\n\t\t\t\t<div class=\"elementor-widget-container\">\n\t\t\t<link rel=\"stylesheet\" href=\"https:\/\/mouraecruzadvocacia.com.br\/wp-content\/plugins\/elementor\/assets\/css\/widget-icon-box.min.css\">\t\t<div class=\"elementor-icon-box-wrapper\">\n\t\t\t\t\t\t<div class=\"elementor-icon-box-icon\">\n\t\t\t\t<span class=\"elementor-icon elementor-animation-\" >\n\t\t\t\t<i aria-hidden=\"true\" class=\"fas fa-check-circle\"><\/i>\t\t\t\t<\/span>\n\t\t\t<\/div>\n\t\t\t\t\t\t<div class=\"elementor-icon-box-content\">\n\t\t\t\t<h3 class=\"elementor-icon-box-title\">\n\t\t\t\t\t<span  >\n\t\t\t\t\t\t\t\t\t\t\t<\/span>\n\t\t\t\t<\/h3>\n\t\t\t\t\t\t\t<\/div>\n\t\t<\/div>\n\t\t\t\t<\/div>\n\t\t\t\t<\/div>\n\t\t\t\t<div class=\"elementor-element elementor-element-80f8e9d elementor-widget elementor-widget-text-editor\" data-id=\"80f8e9d\" data-element_type=\"widget\" data-widget_type=\"text-editor.default\">\n\t\t\t\t<div class=\"elementor-widget-container\">\n\t\t\t<style>\/*! elementor - v3.15.0 - 20-08-2023 *\/\n.elementor-widget-text-editor.elementor-drop-cap-view-stacked .elementor-drop-cap{background-color:#69727d;color:#fff}.elementor-widget-text-editor.elementor-drop-cap-view-framed .elementor-drop-cap{color:#69727d;border:3px solid;background-color:transparent}.elementor-widget-text-editor:not(.elementor-drop-cap-view-default) .elementor-drop-cap{margin-top:8px}.elementor-widget-text-editor:not(.elementor-drop-cap-view-default) .elementor-drop-cap-letter{width:1em;height:1em}.elementor-widget-text-editor .elementor-drop-cap{float:left;text-align:center;line-height:1;font-size:50px}.elementor-widget-text-editor .elementor-drop-cap-letter{display:inline-block}<\/style>\t\t\t\t<ul><li>Defesa de profissionais da \u00e1rea m\u00e9dica em processos administrativos e judiciais.<\/li><li>Orienta\u00e7\u00e3o sobre quest\u00f5es \u00e9ticas e responsabilidade civil de m\u00e9dicos e hospitais.<\/li><li>Assessoria em casos de erro m\u00e9dico e neglig\u00eancia.<\/li><li>Elabora\u00e7\u00e3o de contratos entre m\u00e9dicos e pacientes.<\/li><li>A\u00e7\u00f5es de indeniza\u00e7\u00e3o por danos causados por erro m\u00e9dico.<\/li><\/ul>\t\t\t\t\t\t<\/div>\n\t\t\t\t<\/div>\n\t\t\t\t<div class=\"elementor-element elementor-element-290b219 elementor-align-justify elementor-widget elementor-widget-button\" data-id=\"290b219\" data-element_type=\"widget\" data-widget_type=\"button.default\">\n\t\t\t\t<div class=\"elementor-widget-container\">\n\t\t\t\t\t<div class=\"elementor-button-wrapper\">\n\t\t\t<a class=\"elementor-button elementor-button-link elementor-size-sm\" href=\"https:\/\/wa.me\/5535992037516?text=Ol%C3%A1%2C+vim+pelo+site.+Quero+falar+com+um+advogado%21\" id=\"botaum\">\n\t\t\t\t\t\t<span class=\"elementor-button-content-wrapper\">\n\t\t\t\t\t\t<span class=\"elementor-button-text\">Entre em contato<\/span>\n\t\t<\/span>\n\t\t\t\t\t<\/a>\n\t\t<\/div>\n\t\t\t\t<\/div>\n\t\t\t\t<\/div>\n\t\t\t\t\t<\/div>\n\t\t<\/div>\n\t\t\t\t\t\t\t<\/div>\n\t\t<\/section>\n\t\t\t\t\t\t\t<\/div>\n\t\t","protected":false},"excerpt":{"rendered":"<p>Defesa de profissionais da \u00e1rea m\u00e9dica em processos administrativos e judiciais. Orienta\u00e7\u00e3o sobre quest\u00f5es \u00e9ticas e responsabilidade civil de m\u00e9dicos e hospitais. Assessoria em casos de erro m\u00e9dico e neglig\u00eancia. Elabora\u00e7\u00e3o de contratos entre m\u00e9dicos e pacientes. A\u00e7\u00f5es de indeniza\u00e7\u00e3o por danos causados por erro m\u00e9dico. Entre em contato<\/p>\n","protected":false},"author":1,"featured_media":0,"parent":0,"menu_order":0,"comment_status":"closed","ping_status":"closed","template":"","meta":{"footnotes":""},"class_list":["post-170","page","type-page","status-publish","hentry"],"_links":{"self":[{"href":"https:\/\/mouraecruzadvocacia.com.br\/index.php?rest_route=\/wp\/v2\/pages\/170","targetHints":{"allow":["GET"]}}],"collection":[{"href":"https:\/\/mouraecruzadvocacia.com.br\/index.php?rest_route=\/wp\/v2\/pages"}],"about":[{"href":"https:\/\/mouraecruzadvocacia.com.br\/index.php?rest_route=\/wp\/v2\/types\/page"}],"author":[{"embeddable":true,"href":"https:\/\/mouraecruzadvocacia.com.br\/index.php?rest_route=\/wp\/v2\/users\/1"}],"replies":[{"embeddable":true,"href":"https:\/\/mouraecruzadvocacia.com.br\/index.php?rest_route=%2Fwp%2Fv2%2Fcomments&post=170"}],"version-history":[{"count":7,"href":"https:\/\/mouraecruzadvocacia.com.br\/index.php?rest_route=\/wp\/v2\/pages\/170\/revisions"}],"predecessor-version":[{"id":249,"href":"https:\/\/mouraecruzadvocacia.com.br\/index.php?rest_route=\/wp\/v2\/pages\/170\/revisions\/249"}],"wp:attachment":[{"href":"https:\/\/mouraecruzadvocacia.com.br\/index.php?rest_route=%2Fwp%2Fv2%2Fmedia&parent=170"}],"curies":[{"name":"wp","href":"https:\/\/api.w.org\/{rel}","templated":true}]}}