{"id":167,"date":"2023-08-31T07:58:10","date_gmt":"2023-08-31T10:58:10","guid":{"rendered":"https:\/\/mouraecruzadvocacia.com.br\/?page_id=167"},"modified":"2023-08-31T08:13:00","modified_gmt":"2023-08-31T11:13:00","slug":"direito-de-familia","status":"publish","type":"page","link":"https:\/\/mouraecruzadvocacia.com.br\/?page_id=167","title":{"rendered":"Direito de Fam\u00edlia"},"content":{"rendered":"\t\t<div data-elementor-type=\"wp-page\" data-elementor-id=\"167\" class=\"elementor elementor-167\" data-elementor-post-type=\"page\">\n\t\t\t\t\t\t\t\t\t<section class=\"elementor-section elementor-top-section elementor-element elementor-element-a66e5c8 elementor-section-boxed elementor-section-height-default elementor-section-height-default\" data-id=\"a66e5c8\" data-element_type=\"section\">\n\t\t\t\t\t\t<div class=\"elementor-container elementor-column-gap-default\">\n\t\t\t\t\t<div class=\"elementor-column elementor-col-100 elementor-top-column elementor-element elementor-element-2e3c2b1\" data-id=\"2e3c2b1\" data-element_type=\"column\" data-settings=\"{&quot;background_background&quot;:&quot;classic&quot;}\">\n\t\t\t<div class=\"elementor-widget-wrap elementor-element-populated\">\n\t\t\t\t\t\t\t\t<div class=\"elementor-element elementor-element-10c6073 elementor-position-left elementor-vertical-align-middle elementor-view-default elementor-mobile-position-top elementor-widget elementor-widget-icon-box\" data-id=\"10c6073\" data-element_type=\"widget\" data-widget_type=\"icon-box.default\">\n\t\t\t\t<div class=\"elementor-widget-container\">\n\t\t\t<link rel=\"stylesheet\" href=\"https:\/\/mouraecruzadvocacia.com.br\/wp-content\/plugins\/elementor\/assets\/css\/widget-icon-box.min.css\">\t\t<div class=\"elementor-icon-box-wrapper\">\n\t\t\t\t\t\t<div class=\"elementor-icon-box-icon\">\n\t\t\t\t<span class=\"elementor-icon elementor-animation-\" >\n\t\t\t\t<i aria-hidden=\"true\" class=\"fas fa-check-circle\"><\/i>\t\t\t\t<\/span>\n\t\t\t<\/div>\n\t\t\t\t\t\t<div class=\"elementor-icon-box-content\">\n\t\t\t\t<h3 class=\"elementor-icon-box-title\">\n\t\t\t\t\t<span  >\n\t\t\t\t\t\tDireito de Fam\u00edlia\t\t\t\t\t<\/span>\n\t\t\t\t<\/h3>\n\t\t\t\t\t\t\t<\/div>\n\t\t<\/div>\n\t\t\t\t<\/div>\n\t\t\t\t<\/div>\n\t\t\t\t<div class=\"elementor-element elementor-element-6a1514a elementor-widget elementor-widget-text-editor\" data-id=\"6a1514a\" data-element_type=\"widget\" data-widget_type=\"text-editor.default\">\n\t\t\t\t<div class=\"elementor-widget-container\">\n\t\t\t<style>\/*! elementor - v3.15.0 - 20-08-2023 *\/\n.elementor-widget-text-editor.elementor-drop-cap-view-stacked .elementor-drop-cap{background-color:#69727d;color:#fff}.elementor-widget-text-editor.elementor-drop-cap-view-framed .elementor-drop-cap{color:#69727d;border:3px solid;background-color:transparent}.elementor-widget-text-editor:not(.elementor-drop-cap-view-default) .elementor-drop-cap{margin-top:8px}.elementor-widget-text-editor:not(.elementor-drop-cap-view-default) .elementor-drop-cap-letter{width:1em;height:1em}.elementor-widget-text-editor .elementor-drop-cap{float:left;text-align:center;line-height:1;font-size:50px}.elementor-widget-text-editor .elementor-drop-cap-letter{display:inline-block}<\/style>\t\t\t\t<ul><li>Div\u00f3rcio, separa\u00e7\u00e3o judicial e dissolu\u00e7\u00e3o de uni\u00e3o est\u00e1vel.<\/li><li>Guarda, visita\u00e7\u00e3o e pens\u00e3o aliment\u00edcia dos filhos.<\/li><li>Partilha de bens em casos de div\u00f3rcio.<\/li><li>Ado\u00e7\u00e3o e regulamenta\u00e7\u00e3o de visitas.<\/li><li>A\u00e7\u00f5es de reconhecimento e destitui\u00e7\u00e3o de paternidade.<\/li><\/ul>\t\t\t\t\t\t<\/div>\n\t\t\t\t<\/div>\n\t\t\t\t<div class=\"elementor-element elementor-element-863e25f elementor-align-justify elementor-widget elementor-widget-button\" data-id=\"863e25f\" data-element_type=\"widget\" data-widget_type=\"button.default\">\n\t\t\t\t<div class=\"elementor-widget-container\">\n\t\t\t\t\t<div class=\"elementor-button-wrapper\">\n\t\t\t<a class=\"elementor-button elementor-button-link elementor-size-sm\" href=\"https:\/\/wa.me\/5535992037516?text=Ol%C3%A1%2C+vim+pelo+site.+Quero+falar+com+um+advogado%21\" id=\"botaum\">\n\t\t\t\t\t\t<span class=\"elementor-button-content-wrapper\">\n\t\t\t\t\t\t<span class=\"elementor-button-text\">Entre em contato<\/span>\n\t\t<\/span>\n\t\t\t\t\t<\/a>\n\t\t<\/div>\n\t\t\t\t<\/div>\n\t\t\t\t<\/div>\n\t\t\t\t\t<\/div>\n\t\t<\/div>\n\t\t\t\t\t\t\t<\/div>\n\t\t<\/section>\n\t\t\t\t\t\t\t<\/div>\n\t\t","protected":false},"excerpt":{"rendered":"<p>Direito de Fam\u00edlia Div\u00f3rcio, separa\u00e7\u00e3o judicial e dissolu\u00e7\u00e3o de uni\u00e3o est\u00e1vel. Guarda, visita\u00e7\u00e3o e pens\u00e3o aliment\u00edcia dos filhos. Partilha de bens em casos de div\u00f3rcio. Ado\u00e7\u00e3o e regulamenta\u00e7\u00e3o de visitas. A\u00e7\u00f5es de reconhecimento e destitui\u00e7\u00e3o de paternidade. Entre em contato<\/p>\n","protected":false},"author":1,"featured_media":0,"parent":0,"menu_order":0,"comment_status":"closed","ping_status":"closed","template":"","meta":{"footnotes":""},"class_list":["post-167","page","type-page","status-publish","hentry"],"_links":{"self":[{"href":"https:\/\/mouraecruzadvocacia.com.br\/index.php?rest_route=\/wp\/v2\/pages\/167","targetHints":{"allow":["GET"]}}],"collection":[{"href":"https:\/\/mouraecruzadvocacia.com.br\/index.php?rest_route=\/wp\/v2\/pages"}],"about":[{"href":"https:\/\/mouraecruzadvocacia.com.br\/index.php?rest_route=\/wp\/v2\/types\/page"}],"author":[{"embeddable":true,"href":"https:\/\/mouraecruzadvocacia.com.br\/index.php?rest_route=\/wp\/v2\/users\/1"}],"replies":[{"embeddable":true,"href":"https:\/\/mouraecruzadvocacia.com.br\/index.php?rest_route=%2Fwp%2Fv2%2Fcomments&post=167"}],"version-history":[{"count":7,"href":"https:\/\/mouraecruzadvocacia.com.br\/index.php?rest_route=\/wp\/v2\/pages\/167\/revisions"}],"predecessor-version":[{"id":258,"href":"https:\/\/mouraecruzadvocacia.com.br\/index.php?rest_route=\/wp\/v2\/pages\/167\/revisions\/258"}],"wp:attachment":[{"href":"https:\/\/mouraecruzadvocacia.com.br\/index.php?rest_route=%2Fwp%2Fv2%2Fmedia&parent=167"}],"curies":[{"name":"wp","href":"https:\/\/api.w.org\/{rel}","templated":true}]}}